{"id":893,"date":"1992-07-24T09:15:57","date_gmt":"1992-07-24T08:15:57","guid":{"rendered":"http:\/\/benoitjacques.com\/test\/produit\/oiseaux-lire-2-2\/"},"modified":"2014-02-27T17:31:20","modified_gmt":"2014-02-27T16:31:20","slug":"oiseaux-lire-2","status":"publish","type":"product","link":"https:\/\/benoitjacques.com\/en\/boutique\/oiseaux-lire-2\/","title":{"rendered":"OISEAUX-LIRE"},"content":{"rendered":"","protected":false},"excerpt":{"rendered":"<p>1992 Seconde \u00e9dition(1999). Dessins \u00e0 la plume de Beno\u00eet Jacques. Format 15,5 x 17 cm. 120 pages. Broch\u00e9. Impression offset [&hellip;]<\/p>\n","protected":false},"featured_media":1256,"template":"","meta":[],"product_brand":[],"product_cat":[76],"product_tag":[],"class_list":{"0":"post-893","1":"product","2":"type-product","3":"status-publish","4":"has-post-thumbnail","6":"product_cat-envoles-disparus-en","8":"first","9":"instock","10":"taxable","11":"shipping-taxable","12":"product-type-simple"},"_links":{"self":[{"href":"https:\/\/benoitjacques.com\/en\/wp-json\/wp\/v2\/product\/893","targetHints":{"allow":["GET"]}}],"collection":[{"href":"https:\/\/benoitjacques.com\/en\/wp-json\/wp\/v2\/product"}],"about":[{"href":"https:\/\/benoitjacques.com\/en\/wp-json\/wp\/v2\/types\/product"}],"wp:featuredmedia":[{"embeddable":true,"href":"https:\/\/benoitjacques.com\/en\/wp-json\/wp\/v2\/media\/1256"}],"wp:attachment":[{"href":"https:\/\/benoitjacques.com\/en\/wp-json\/wp\/v2\/media?parent=893"}],"wp:term":[{"taxonomy":"product_brand","embeddable":true,"href":"https:\/\/benoitjacques.com\/en\/wp-json\/wp\/v2\/product_brand?post=893"},{"taxonomy":"product_cat","embeddable":true,"href":"https:\/\/benoitjacques.com\/en\/wp-json\/wp\/v2\/product_cat?post=893"},{"taxonomy":"product_tag","embeddable":true,"href":"https:\/\/benoitjacques.com\/en\/wp-json\/wp\/v2\/product_tag?post=893"}],"curies":[{"name":"wp","href":"https:\/\/api.w.org\/{rel}","templated":true}]}}