{"id":890,"date":"1992-01-01T00:00:00","date_gmt":"1991-12-31T23:00:00","guid":{"rendered":"http:\/\/benoitjacques.com\/test\/produit\/oiseaux-lire-2\/"},"modified":"2014-02-27T17:43:48","modified_gmt":"2014-02-27T16:43:48","slug":"oiseaux-lire","status":"publish","type":"product","link":"https:\/\/benoitjacques.com\/en\/boutique\/oiseaux-lire\/","title":{"rendered":"OISEAUX-LIRE"},"content":{"rendered":"","protected":false},"excerpt":{"rendered":"<p>1992 Premi\u00e8re \u00e9dition. Dessins \u00e0 la plume de Beno\u00eet Jacques. Format 15,5 x 17 cm. 120 pages. Broch\u00e9. Impression offset [&hellip;]<\/p>\n","protected":false},"featured_media":1255,"template":"","meta":[],"product_brand":[],"product_cat":[76],"product_tag":[],"class_list":{"0":"post-890","1":"product","2":"type-product","3":"status-publish","4":"has-post-thumbnail","6":"product_cat-envoles-disparus-en","8":"first","9":"instock","10":"taxable","11":"shipping-taxable","12":"product-type-simple"},"_links":{"self":[{"href":"https:\/\/benoitjacques.com\/en\/wp-json\/wp\/v2\/product\/890","targetHints":{"allow":["GET"]}}],"collection":[{"href":"https:\/\/benoitjacques.com\/en\/wp-json\/wp\/v2\/product"}],"about":[{"href":"https:\/\/benoitjacques.com\/en\/wp-json\/wp\/v2\/types\/product"}],"wp:featuredmedia":[{"embeddable":true,"href":"https:\/\/benoitjacques.com\/en\/wp-json\/wp\/v2\/media\/1255"}],"wp:attachment":[{"href":"https:\/\/benoitjacques.com\/en\/wp-json\/wp\/v2\/media?parent=890"}],"wp:term":[{"taxonomy":"product_brand","embeddable":true,"href":"https:\/\/benoitjacques.com\/en\/wp-json\/wp\/v2\/product_brand?post=890"},{"taxonomy":"product_cat","embeddable":true,"href":"https:\/\/benoitjacques.com\/en\/wp-json\/wp\/v2\/product_cat?post=890"},{"taxonomy":"product_tag","embeddable":true,"href":"https:\/\/benoitjacques.com\/en\/wp-json\/wp\/v2\/product_tag?post=890"}],"curies":[{"name":"wp","href":"https:\/\/api.w.org\/{rel}","templated":true}]}}