{"id":887,"date":"1991-07-24T09:12:37","date_gmt":"1991-07-24T08:12:37","guid":{"rendered":"http:\/\/benoitjacques.com\/test\/produit\/le-bestiaire-expressionniste-2\/"},"modified":"2014-02-27T17:32:07","modified_gmt":"2014-02-27T16:32:07","slug":"le-bestiaire-expressionniste","status":"publish","type":"product","link":"https:\/\/benoitjacques.com\/en\/boutique\/le-bestiaire-expressionniste\/","title":{"rendered":"LE BESTIAIRE EXPRESSIONNISTE"},"content":{"rendered":"","protected":false},"excerpt":{"rendered":"<p>1990 Premi\u00e8re(1990) \u00e0 quatri\u00e8me \u00e9dition (1997). Papiers d\u00e9coup\u00e9s de Beno\u00eet Jacques. Format 11,5 x 16,5 cm. 128 pages. Cartonn\u00e9. Impression [&hellip;]<\/p>\n","protected":false},"featured_media":886,"template":"","meta":[],"product_brand":[],"product_cat":[76],"product_tag":[],"class_list":{"0":"post-887","1":"product","2":"type-product","3":"status-publish","4":"has-post-thumbnail","6":"product_cat-envoles-disparus-en","8":"first","9":"instock","10":"taxable","11":"shipping-taxable","12":"product-type-simple"},"_links":{"self":[{"href":"https:\/\/benoitjacques.com\/en\/wp-json\/wp\/v2\/product\/887","targetHints":{"allow":["GET"]}}],"collection":[{"href":"https:\/\/benoitjacques.com\/en\/wp-json\/wp\/v2\/product"}],"about":[{"href":"https:\/\/benoitjacques.com\/en\/wp-json\/wp\/v2\/types\/product"}],"wp:featuredmedia":[{"embeddable":true,"href":"https:\/\/benoitjacques.com\/en\/wp-json\/wp\/v2\/media\/886"}],"wp:attachment":[{"href":"https:\/\/benoitjacques.com\/en\/wp-json\/wp\/v2\/media?parent=887"}],"wp:term":[{"taxonomy":"product_brand","embeddable":true,"href":"https:\/\/benoitjacques.com\/en\/wp-json\/wp\/v2\/product_brand?post=887"},{"taxonomy":"product_cat","embeddable":true,"href":"https:\/\/benoitjacques.com\/en\/wp-json\/wp\/v2\/product_cat?post=887"},{"taxonomy":"product_tag","embeddable":true,"href":"https:\/\/benoitjacques.com\/en\/wp-json\/wp\/v2\/product_tag?post=887"}],"curies":[{"name":"wp","href":"https:\/\/api.w.org\/{rel}","templated":true}]}}