{"id":880,"date":"1988-07-24T09:04:30","date_gmt":"1988-07-24T08:04:30","guid":{"rendered":"http:\/\/benoitjacques.com\/test\/produit\/play-it-by-ear-1-2\/"},"modified":"2014-02-27T17:29:24","modified_gmt":"2014-02-27T16:29:24","slug":"play-it-by-ear-1","status":"publish","type":"product","link":"https:\/\/benoitjacques.com\/en\/boutique\/play-it-by-ear-1\/","title":{"rendered":"PLAY IT BY EAR"},"content":{"rendered":"","protected":false},"excerpt":{"rendered":"<p>1989 Premi\u00e8re \u00e9dition. Dessins \u00e0 la plume de Beno\u00eet Jacques. Format 15 x 15 cm. 32 pages. Broch\u00e9. Impression offset [&hellip;]<\/p>\n","protected":false},"featured_media":1017,"template":"","meta":[],"product_brand":[],"product_cat":[76],"product_tag":[],"class_list":{"0":"post-880","1":"product","2":"type-product","3":"status-publish","4":"has-post-thumbnail","6":"product_cat-envoles-disparus-en","8":"first","9":"instock","10":"taxable","11":"shipping-taxable","12":"product-type-simple"},"_links":{"self":[{"href":"https:\/\/benoitjacques.com\/en\/wp-json\/wp\/v2\/product\/880","targetHints":{"allow":["GET"]}}],"collection":[{"href":"https:\/\/benoitjacques.com\/en\/wp-json\/wp\/v2\/product"}],"about":[{"href":"https:\/\/benoitjacques.com\/en\/wp-json\/wp\/v2\/types\/product"}],"wp:featuredmedia":[{"embeddable":true,"href":"https:\/\/benoitjacques.com\/en\/wp-json\/wp\/v2\/media\/1017"}],"wp:attachment":[{"href":"https:\/\/benoitjacques.com\/en\/wp-json\/wp\/v2\/media?parent=880"}],"wp:term":[{"taxonomy":"product_brand","embeddable":true,"href":"https:\/\/benoitjacques.com\/en\/wp-json\/wp\/v2\/product_brand?post=880"},{"taxonomy":"product_cat","embeddable":true,"href":"https:\/\/benoitjacques.com\/en\/wp-json\/wp\/v2\/product_cat?post=880"},{"taxonomy":"product_tag","embeddable":true,"href":"https:\/\/benoitjacques.com\/en\/wp-json\/wp\/v2\/product_tag?post=880"}],"curies":[{"name":"wp","href":"https:\/\/api.w.org\/{rel}","templated":true}]}}