{"id":431,"date":"1989-05-27T10:01:09","date_gmt":"1989-05-27T09:01:09","guid":{"rendered":"http:\/\/benoitjacques.com\/test\/produit\/play-it-by-ear-2\/"},"modified":"2021-02-22T15:32:11","modified_gmt":"2021-02-22T14:32:11","slug":"play-it-by-ear","status":"publish","type":"product","link":"https:\/\/benoitjacques.com\/en\/boutique\/play-it-by-ear\/","title":{"rendered":"PLAY IT BY EAR"},"content":{"rendered":"","protected":false},"excerpt":{"rendered":"<p>1989 Dessins \u00e0 la plume de Beno\u00eet Jacques. Format 15 x 23 cm. 48 pages. Broch\u00e9. impression noir et blanc. [&hellip;]<\/p>\n","protected":false},"featured_media":15840,"template":"","meta":[],"product_brand":[],"product_cat":[63],"product_tag":[],"class_list":{"0":"post-431","1":"product","2":"type-product","3":"status-publish","4":"has-post-thumbnail","6":"product_cat-books","7":"pa_isbn-2-9508442-4-3-en-en","9":"first","10":"instock","11":"taxable","12":"shipping-taxable","13":"purchasable","14":"product-type-simple"},"_links":{"self":[{"href":"https:\/\/benoitjacques.com\/en\/wp-json\/wp\/v2\/product\/431","targetHints":{"allow":["GET"]}}],"collection":[{"href":"https:\/\/benoitjacques.com\/en\/wp-json\/wp\/v2\/product"}],"about":[{"href":"https:\/\/benoitjacques.com\/en\/wp-json\/wp\/v2\/types\/product"}],"wp:featuredmedia":[{"embeddable":true,"href":"https:\/\/benoitjacques.com\/en\/wp-json\/wp\/v2\/media\/15840"}],"wp:attachment":[{"href":"https:\/\/benoitjacques.com\/en\/wp-json\/wp\/v2\/media?parent=431"}],"wp:term":[{"taxonomy":"product_brand","embeddable":true,"href":"https:\/\/benoitjacques.com\/en\/wp-json\/wp\/v2\/product_brand?post=431"},{"taxonomy":"product_cat","embeddable":true,"href":"https:\/\/benoitjacques.com\/en\/wp-json\/wp\/v2\/product_cat?post=431"},{"taxonomy":"product_tag","embeddable":true,"href":"https:\/\/benoitjacques.com\/en\/wp-json\/wp\/v2\/product_tag?post=431"}],"curies":[{"name":"wp","href":"https:\/\/api.w.org\/{rel}","templated":true}]}}