{"id":429,"date":"1995-05-28T15:17:55","date_gmt":"1995-05-28T14:17:55","guid":{"rendered":"http:\/\/benoitjacques.com\/test\/produit\/la-genese-2\/"},"modified":"2015-03-11T14:06:28","modified_gmt":"2015-03-11T13:06:28","slug":"la-genese","status":"publish","type":"product","link":"https:\/\/benoitjacques.com\/en\/boutique\/la-genese\/","title":{"rendered":"LA G\u00c9N\u00c8SE"},"content":{"rendered":"","protected":false},"excerpt":{"rendered":"<p>1995 Illustr\u00e9e de 22 aquarelles de Beno\u00eet Jacques. Format 19,5 x 26,5 cm. 106 pages. Broch\u00e9. Jaquette couleur. Traduction du [&hellip;]<\/p>\n","protected":false},"featured_media":850,"template":"","meta":[],"product_brand":[],"product_cat":[63],"product_tag":[],"class_list":{"0":"post-429","1":"product","2":"type-product","3":"status-publish","4":"has-post-thumbnail","6":"product_cat-books","7":"pa_isbn-2-85108-871-8-en-2","9":"first","10":"outofstock","11":"taxable","12":"shipping-taxable","13":"purchasable","14":"product-type-simple"},"_links":{"self":[{"href":"https:\/\/benoitjacques.com\/en\/wp-json\/wp\/v2\/product\/429","targetHints":{"allow":["GET"]}}],"collection":[{"href":"https:\/\/benoitjacques.com\/en\/wp-json\/wp\/v2\/product"}],"about":[{"href":"https:\/\/benoitjacques.com\/en\/wp-json\/wp\/v2\/types\/product"}],"wp:featuredmedia":[{"embeddable":true,"href":"https:\/\/benoitjacques.com\/en\/wp-json\/wp\/v2\/media\/850"}],"wp:attachment":[{"href":"https:\/\/benoitjacques.com\/en\/wp-json\/wp\/v2\/media?parent=429"}],"wp:term":[{"taxonomy":"product_brand","embeddable":true,"href":"https:\/\/benoitjacques.com\/en\/wp-json\/wp\/v2\/product_brand?post=429"},{"taxonomy":"product_cat","embeddable":true,"href":"https:\/\/benoitjacques.com\/en\/wp-json\/wp\/v2\/product_cat?post=429"},{"taxonomy":"product_tag","embeddable":true,"href":"https:\/\/benoitjacques.com\/en\/wp-json\/wp\/v2\/product_tag?post=429"}],"curies":[{"name":"wp","href":"https:\/\/api.w.org\/{rel}","templated":true}]}}