{"id":426,"date":"2005-06-03T08:10:31","date_gmt":"2005-06-03T07:10:31","guid":{"rendered":"http:\/\/benoitjacques.com\/test\/produit\/scandale-au-chateau-suisse-2\/"},"modified":"2016-06-07T16:08:26","modified_gmt":"2016-06-07T15:08:26","slug":"scandale-au-chateau-suisse","status":"publish","type":"product","link":"https:\/\/benoitjacques.com\/en\/boutique\/scandale-au-chateau-suisse\/","title":{"rendered":"SCANDALE AU"},"content":{"rendered":"","protected":false},"excerpt":{"rendered":"<p>2004 Texte et eaux-fortes d\u2019un d\u00e9nomm\u00e9 Benedetto Giacomo. Format : 15 x 18,5 cm. 64 pages. Cartonn\u00e9. Gaufrage ivoire sur [&hellip;]<\/p>\n","protected":false},"featured_media":795,"template":"","meta":[],"product_brand":[],"product_cat":[63],"product_tag":[],"class_list":{"0":"post-426","1":"product","2":"type-product","3":"status-publish","4":"has-post-thumbnail","6":"product_cat-books","7":"pa_isbn-2-9522190-0-1-en-2","9":"first","10":"outofstock","11":"taxable","12":"shipping-taxable","13":"purchasable","14":"product-type-simple"},"_links":{"self":[{"href":"https:\/\/benoitjacques.com\/en\/wp-json\/wp\/v2\/product\/426","targetHints":{"allow":["GET"]}}],"collection":[{"href":"https:\/\/benoitjacques.com\/en\/wp-json\/wp\/v2\/product"}],"about":[{"href":"https:\/\/benoitjacques.com\/en\/wp-json\/wp\/v2\/types\/product"}],"wp:featuredmedia":[{"embeddable":true,"href":"https:\/\/benoitjacques.com\/en\/wp-json\/wp\/v2\/media\/795"}],"wp:attachment":[{"href":"https:\/\/benoitjacques.com\/en\/wp-json\/wp\/v2\/media?parent=426"}],"wp:term":[{"taxonomy":"product_brand","embeddable":true,"href":"https:\/\/benoitjacques.com\/en\/wp-json\/wp\/v2\/product_brand?post=426"},{"taxonomy":"product_cat","embeddable":true,"href":"https:\/\/benoitjacques.com\/en\/wp-json\/wp\/v2\/product_cat?post=426"},{"taxonomy":"product_tag","embeddable":true,"href":"https:\/\/benoitjacques.com\/en\/wp-json\/wp\/v2\/product_tag?post=426"}],"curies":[{"name":"wp","href":"https:\/\/api.w.org\/{rel}","templated":true}]}}