{"id":420,"date":"2011-06-03T08:32:00","date_gmt":"2011-06-03T07:32:00","guid":{"rendered":"http:\/\/benoitjacques.com\/test\/produit\/vivre-un-poeme-pour-2\/"},"modified":"2026-01-30T09:44:42","modified_gmt":"2026-01-30T08:44:42","slug":"vivre-un-poeme-pour","status":"publish","type":"product","link":"https:\/\/benoitjacques.com\/en\/boutique\/vivre-un-poeme-pour\/","title":{"rendered":"VIVRE"},"content":{"rendered":"","protected":false},"excerpt":{"rendered":"<p>2011 Texte, dessins et peintures de Beno\u00eet Jacques. Format 16,5 x 23 cm. 32 pages. Broch\u00e9. Reliure dite \u00e0 la [&hellip;]<\/p>\n","protected":false},"featured_media":819,"template":"","meta":[],"product_brand":[],"product_cat":[63],"product_tag":[],"class_list":{"0":"post-420","1":"product","2":"type-product","3":"status-publish","4":"has-post-thumbnail","6":"product_cat-books","7":"pa_isbn-2-916683-13-5-en-2","9":"first","10":"instock","11":"taxable","12":"shipping-taxable","13":"purchasable","14":"product-type-simple"},"_links":{"self":[{"href":"https:\/\/benoitjacques.com\/en\/wp-json\/wp\/v2\/product\/420","targetHints":{"allow":["GET"]}}],"collection":[{"href":"https:\/\/benoitjacques.com\/en\/wp-json\/wp\/v2\/product"}],"about":[{"href":"https:\/\/benoitjacques.com\/en\/wp-json\/wp\/v2\/types\/product"}],"wp:featuredmedia":[{"embeddable":true,"href":"https:\/\/benoitjacques.com\/en\/wp-json\/wp\/v2\/media\/819"}],"wp:attachment":[{"href":"https:\/\/benoitjacques.com\/en\/wp-json\/wp\/v2\/media?parent=420"}],"wp:term":[{"taxonomy":"product_brand","embeddable":true,"href":"https:\/\/benoitjacques.com\/en\/wp-json\/wp\/v2\/product_brand?post=420"},{"taxonomy":"product_cat","embeddable":true,"href":"https:\/\/benoitjacques.com\/en\/wp-json\/wp\/v2\/product_cat?post=420"},{"taxonomy":"product_tag","embeddable":true,"href":"https:\/\/benoitjacques.com\/en\/wp-json\/wp\/v2\/product_tag?post=420"}],"curies":[{"name":"wp","href":"https:\/\/api.w.org\/{rel}","templated":true}]}}