{"id":418,"date":"1988-06-03T08:43:12","date_gmt":"1988-06-03T07:43:12","guid":{"rendered":"http:\/\/benoitjacques.com\/test\/produit\/alboum-a-colorier-2\/"},"modified":"2015-12-16T18:43:26","modified_gmt":"2015-12-16T17:43:26","slug":"alboum-a-colorier","status":"publish","type":"product","link":"https:\/\/benoitjacques.com\/en\/boutique\/alboum-a-colorier\/","title":{"rendered":"ALBOUM \u00c0 COLORIER"},"content":{"rendered":"","protected":false},"excerpt":{"rendered":"<p>2010 Dessins \u00e0 la plume de B.J. Format 15 x 20 cm. 16 pages. Broch\u00e9. Impression noir et blanc. Couverture [&hellip;]<\/p>\n","protected":false},"featured_media":823,"template":"","meta":[],"product_brand":[],"product_cat":[63],"product_tag":[],"class_list":{"0":"post-418","1":"product","2":"type-product","3":"status-publish","4":"has-post-thumbnail","6":"product_cat-books","7":"pa_isbn-2-916683-12-7-en-2","9":"first","10":"instock","11":"taxable","12":"shipping-taxable","13":"purchasable","14":"product-type-simple"},"_links":{"self":[{"href":"https:\/\/benoitjacques.com\/en\/wp-json\/wp\/v2\/product\/418","targetHints":{"allow":["GET"]}}],"collection":[{"href":"https:\/\/benoitjacques.com\/en\/wp-json\/wp\/v2\/product"}],"about":[{"href":"https:\/\/benoitjacques.com\/en\/wp-json\/wp\/v2\/types\/product"}],"wp:featuredmedia":[{"embeddable":true,"href":"https:\/\/benoitjacques.com\/en\/wp-json\/wp\/v2\/media\/823"}],"wp:attachment":[{"href":"https:\/\/benoitjacques.com\/en\/wp-json\/wp\/v2\/media?parent=418"}],"wp:term":[{"taxonomy":"product_brand","embeddable":true,"href":"https:\/\/benoitjacques.com\/en\/wp-json\/wp\/v2\/product_brand?post=418"},{"taxonomy":"product_cat","embeddable":true,"href":"https:\/\/benoitjacques.com\/en\/wp-json\/wp\/v2\/product_cat?post=418"},{"taxonomy":"product_tag","embeddable":true,"href":"https:\/\/benoitjacques.com\/en\/wp-json\/wp\/v2\/product_tag?post=418"}],"curies":[{"name":"wp","href":"https:\/\/api.w.org\/{rel}","templated":true}]}}