{"id":1738,"date":"1998-01-25T12:52:18","date_gmt":"1998-01-25T11:52:18","guid":{"rendered":"http:\/\/benoitjacques.com\/boutique\/inoutils-2\/"},"modified":"2014-05-22T13:37:03","modified_gmt":"2014-05-22T12:37:03","slug":"inoutils","status":"publish","type":"product","link":"https:\/\/benoitjacques.com\/en\/boutique\/inoutils\/","title":{"rendered":"INOUTILS"},"content":{"rendered":"","protected":false},"excerpt":{"rendered":"<p>1998 \u00e9ditions Les \u00e9toiles et les cochons Texte et dessins de Beno\u00eet Jacques. Format 12 x 1,5 cm. 32 pages. [&hellip;]<\/p>\n","protected":false},"featured_media":1736,"template":"","meta":[],"product_brand":[],"product_cat":[76],"product_tag":[],"class_list":{"0":"post-1738","1":"product","2":"type-product","3":"status-publish","4":"has-post-thumbnail","6":"product_cat-envoles-disparus-en","8":"first","9":"instock","10":"taxable","11":"shipping-taxable","12":"product-type-simple"},"_links":{"self":[{"href":"https:\/\/benoitjacques.com\/en\/wp-json\/wp\/v2\/product\/1738","targetHints":{"allow":["GET"]}}],"collection":[{"href":"https:\/\/benoitjacques.com\/en\/wp-json\/wp\/v2\/product"}],"about":[{"href":"https:\/\/benoitjacques.com\/en\/wp-json\/wp\/v2\/types\/product"}],"wp:featuredmedia":[{"embeddable":true,"href":"https:\/\/benoitjacques.com\/en\/wp-json\/wp\/v2\/media\/1736"}],"wp:attachment":[{"href":"https:\/\/benoitjacques.com\/en\/wp-json\/wp\/v2\/media?parent=1738"}],"wp:term":[{"taxonomy":"product_brand","embeddable":true,"href":"https:\/\/benoitjacques.com\/en\/wp-json\/wp\/v2\/product_brand?post=1738"},{"taxonomy":"product_cat","embeddable":true,"href":"https:\/\/benoitjacques.com\/en\/wp-json\/wp\/v2\/product_cat?post=1738"},{"taxonomy":"product_tag","embeddable":true,"href":"https:\/\/benoitjacques.com\/en\/wp-json\/wp\/v2\/product_tag?post=1738"}],"curies":[{"name":"wp","href":"https:\/\/api.w.org\/{rel}","templated":true}]}}