{"id":680,"date":"2013-05-29T16:26:59","date_gmt":"2013-05-29T15:26:59","guid":{"rendered":"http:\/\/benoitjacques.com\/test\/contact-2\/"},"modified":"2014-04-11T10:16:05","modified_gmt":"2014-04-11T09:16:05","slug":"contact","status":"publish","type":"page","link":"https:\/\/benoitjacques.com\/en\/contact\/","title":{"rendered":"CONTACT"},"content":{"rendered":"<p>Chers amis \u00e9crivateurs, illustrains et autres cr\u00e9ateurs en herbe ou de haute fut\u00e9e :<br \/>\nn&#8217;envoyez pas de manuscrits, projets ou maquettes de livres \u00e0 Beno\u00eet Jacques.<br \/>\nIl ne pourra rien en faire et n&#8217;en fera rien.<br \/>\nIl n&#8217;est pas \u00e9diteur et ne publie que son propre travail.<br \/>\nTout document envoy\u00e9 non sollicit\u00e9 ne sera pas retourn\u00e9.<br \/>\nMerci.<\/p>\n","protected":false},"excerpt":{"rendered":"<p>Chers amis \u00e9crivateurs, illustrains et autres cr\u00e9ateurs en herbe ou de haute fut\u00e9e : n&#8217;envoyez pas de manuscrits, projets ou [&hellip;]<\/p>\n","protected":false},"author":2,"featured_media":0,"parent":0,"menu_order":0,"comment_status":"closed","ping_status":"closed","template":"template-contact.php","meta":{"footnotes":""},"class_list":["post-680","page","type-page","status-publish","hentry"],"_links":{"self":[{"href":"https:\/\/benoitjacques.com\/en\/wp-json\/wp\/v2\/pages\/680","targetHints":{"allow":["GET"]}}],"collection":[{"href":"https:\/\/benoitjacques.com\/en\/wp-json\/wp\/v2\/pages"}],"about":[{"href":"https:\/\/benoitjacques.com\/en\/wp-json\/wp\/v2\/types\/page"}],"author":[{"embeddable":true,"href":"https:\/\/benoitjacques.com\/en\/wp-json\/wp\/v2\/users\/2"}],"replies":[{"embeddable":true,"href":"https:\/\/benoitjacques.com\/en\/wp-json\/wp\/v2\/comments?post=680"}],"version-history":[{"count":4,"href":"https:\/\/benoitjacques.com\/en\/wp-json\/wp\/v2\/pages\/680\/revisions"}],"predecessor-version":[{"id":1516,"href":"https:\/\/benoitjacques.com\/en\/wp-json\/wp\/v2\/pages\/680\/revisions\/1516"}],"wp:attachment":[{"href":"https:\/\/benoitjacques.com\/en\/wp-json\/wp\/v2\/media?parent=680"}],"curies":[{"name":"wp","href":"https:\/\/api.w.org\/{rel}","templated":true}]}}