{"id":1704,"date":"2013-05-29T16:26:04","date_gmt":"2013-05-29T15:26:04","guid":{"rendered":"http:\/\/benoitjacques.com\/librairies-2\/"},"modified":"2023-02-24T15:59:51","modified_gmt":"2023-02-24T14:59:51","slug":"librairies","status":"publish","type":"page","link":"https:\/\/benoitjacques.com\/en\/librairies\/","title":{"rendered":"LIBRAIRIES"},"content":{"rendered":"<div class=\"fourcol-one\">\n<p><strong>FRANCE \/ PARIS<\/strong><\/p>\n<p><strong>Super H\u00e9ros<\/strong><br \/>\n175, rue Saint-Martin<br \/>\n75003 Paris<br \/>\n01 42 74 34 74<\/p>\n<p><strong>Wallonie-Bruxelles<\/strong><br \/>\n46 rue Quincampoix<br \/>\n75004 Paris<br \/>\n01 42 71 58 03<\/p>\n<p><strong>Tschann<\/strong><br \/>\n125, bvd du Montparnasse<br \/>\n75006 Paris<br \/>\n01 43 35 42 05<\/p>\n<p><strong>Vendredi<\/strong><br \/>\n67, rue des Martyrs<br \/>\n75009 Paris<br \/>\n01 48 78 90 47<\/p>\n<p><strong>Philippe le libraire<\/strong><br \/>\n32 rue des Vinaigriers<br \/>\n75010 Paris<\/p>\n<p><strong>La Man\u0153uvre<\/strong><br \/>\n58 rue de la Roquette<br \/>\n75011 Paris<br \/>\n01 47 00 79 70<\/p>\n<p><strong>Parages<\/strong><br \/>\n89 rue Sedaine<br \/>\n75011 Paris<br \/>\n01 48 07 50 66<\/p>\n<p><strong>Les Oiseaux rares<\/strong><br \/>\n1 rue Vulpian<br \/>\n75013 Paris<br \/>\n01 45 35 38 45<\/p>\n<p><strong>L&#8217;Herbe rouge<\/strong><br \/>\n1 bis rue d&#8217;Al\u00e9sia<br \/>\n75014 Paris<br \/>\n01 45 89 00 99<\/p>\n<p><strong>Halle Saint-Pierre<\/strong><br \/>\n2, rue Ronsard<br \/>\n75018 Paris<br \/>\n01 42 58 72 89<\/p>\n<p><strong>L\u2019Humeur vagabonde<\/strong><br \/>\n44, rue du Poteau<br \/>\n75018 Paris<br \/>\n01 42 23 23 15<\/p>\n<p><strong>Les Buveurs d&#8217;encre<\/strong><br \/>\n59 rue de Meaux<br \/>\n75019 Paris<br \/>\n01 42 00 48 63<\/p>\n<p><strong>L&#8217;Atelier\u00a0<\/strong><br \/>\n2 bis rue Jourdain<br \/>\n75020 Paris<br \/>\n01 43 58 00 26<\/p>\n<p><strong>Le Comptoir des mots<\/strong><br \/>\n239 rue des Pyr\u00e9n\u00e9es<br \/>\n75020 Paris<br \/>\n01 47 97 65 40<\/p>\n<p><strong>Le Monte en l&#8217;air<\/strong><br \/>\n71 rue de M\u00e9nilmontant<br \/>\n75020 Paris<br \/>\n01 40 33 04 54<\/p>\n<\/div><div class=\"fourcol-one\">\n<strong>FRANCE \/ REGION PARISIENNE<\/strong><\/p>\n<p><strong>Le Bazar Utopique<\/strong><br \/>\n3, place de la R\u00e9publique<br \/>\n92220 Bagneux<br \/>\n01 49 65 01 20<\/p>\n<p><strong>Mille Feuilles Sullivan<\/strong><br \/>\n3-5, rue de Versailles<br \/>\n92410 Ville d&#8217;Avray<br \/>\n01 41 15 81 81<\/p>\n<p><strong>Colibrije<\/strong><br \/>\n2-20, avenue S. Allende<br \/>\nZ.I. Mozinor<br \/>\n93100 Montreuil<br \/>\n01 48 58 07 17<br \/>\n(Attention cette librairie ne<br \/>\nfourni qu\u2019aux collectivit\u00e9s.)<\/p>\n<p><strong>Folies d&#8217;encre<\/strong><br \/>\n14 place du Caquet<br \/>\n93200 Saint-Denis<br \/>\n01 48 09 25 12<\/p>\n<p><strong>Le Presse papier<\/strong><br \/>\n28 avenue Gabriel P\u00e9ri<br \/>\n95100 Argenteuil<br \/>\n01 39 61 93 95<\/div><\/p>\n<p><div class=\"fourcol-one\"><strong>FRANCE \/ PROVINCE<\/strong><\/p>\n<p><strong>La Carline<\/strong><br \/>\n13, boulevard des Martyrs<br \/>\n04300 Forcalquier<br \/>\n04 92 75 01 25<\/p>\n<p><strong>Librairie tiers temps<\/strong><br \/>\nPlace de la Paix<br \/>\n07200 Aubenas<br \/>\n04 75 93 63 89<\/p>\n<p><strong>Le Bleu du Ciel<\/strong><br \/>\n15 rue Victor Hugo<br \/>\n09100 Pamiers<br \/>\n05 61 60 02 79<\/p>\n<p><strong>Relais de Poche<\/strong><br \/>\n2 rue de la R\u00e9publique<br \/>\n09340 Verniolle<br \/>\n06 71 59 82 98<\/p>\n<p><strong>La Maison du livre<\/strong><br \/>\nPassage des Ma\u00e7ons<br \/>\n12007 Rodez<br \/>\n05 65 73 36 00<\/p>\n<p><strong>Histoire de l&#8217;\u0153il<\/strong><br \/>\n25 rue Fontange<br \/>\n13006 Marseille<br \/>\n04 91 48 29 92<\/p>\n<p><strong>La R\u00e9serve \u00e0 Bulles<\/strong><br \/>\n58 rue des 3 fr\u00e8res Barth\u00e9l\u00e9my<br \/>\n13006 Marseille<br \/>\n<span class=\"LrzXr zdqRlf kno-fv\"><span data-dtype=\"d3ifr\" data-local-attribute=\"d3ph\">09 73 62 11 47<\/span><\/span><\/p>\n<p><strong>Le Cheval crayon<\/strong><br \/>\n43, rue Froide<br \/>\n14000 Caen<br \/>\n02 31 86 50 73<\/p>\n<p><strong>M\u00e9tropolis<\/strong><br \/>\n10, rue Saint-Malo<br \/>\n14400 Bayeux<br \/>\n06 58 35 08 20<\/p>\n<p><strong>Autrement Dit<\/strong><br \/>\n66, rue des Godrans<br \/>\n21000 Dijon<br \/>\n03 80 63 72 28<\/p>\n<p><strong>La Fleur qui Pousse \u00e0 l&#8217;int\u00e9rieur<\/strong><br \/>\n5, place des Cordeliers<br \/>\n21000 Dijon<br \/>\n03 80 47 94 71<\/p>\n<p><strong>La Colline\u00a0<\/strong><br \/>\n1, rue de l&#8217;Ancien Couvent<br \/>\n21150 Flavigny-sur-Ozerain<br \/>\n06 07 52 45 95<\/p>\n<p><strong>L&#8217;Abri des Temps\u00a0<\/strong><br \/>\n17, place Penthi\u00e8vre<br \/>\n22510 Montcontour<br \/>\n02 96 93 35 57<\/p>\n<p><strong>L&#8217;Apothicaire<\/strong><br \/>\n29, place du March\u00e9<br \/>\n23300 La Souterraine<br \/>\n05 55 41 00 19<\/p>\n<p><strong>Les Sandales d\u2019Emp\u00e9docle<\/strong><br \/>\n95, Grande Rue<br \/>\n25000 Besan\u00e7on<br \/>\n03 81 82 00 88<\/p>\n<p><strong>La Balan\u00e7oire<\/strong><br \/>\n6 rue du G\u00e9n\u00e9ral Berlier<br \/>\n26400 Crest<br \/>\n04 75 61 74 47<\/p>\n<p><strong>Librairie &amp; curiosit\u00e9s<\/strong><br \/>\n3, rue Toul alLaer<br \/>\n29000 Quimper<br \/>\n09 82 32 84 11<\/p>\n<p><strong>Des Plis dans la Page<\/strong><br \/>\n8, rue Eug\u00e8ne K\u00e9rivel<br \/>\n29100 Douarnenez<br \/>\n02 90 77 60 20<\/p>\n<p><strong>Quartier Lointain<\/strong><br \/>\n3, rue Saint-Philibert<br \/>\n29910 Tr\u00e9gunc<br \/>\n02 98 91 47 96<\/p>\n<p><strong>Ombres blanches<\/strong><br \/>\n50 rue Gambetta<br \/>\n31000 Toulouse<br \/>\n05 34 45 53 33<\/p>\n<p><strong>La Tire-lire<\/strong><br \/>\n24, rue de la Bourse<br \/>\n31000 Toulouse<br \/>\n05 61 21 65 85<\/p>\n<p><strong>Terra Nova<\/strong><br \/>\n18, rue Gambetta<br \/>\n31000 Toulouse<br \/>\n05 61 21 17 47<\/p>\n<p><strong>Floury fr\u00e8res<\/strong><br \/>\n36 rue de la Colombette<br \/>\n31000 Toulouse<br \/>\n05 61 63 44 15<\/p>\n<p><strong>Librairie D\u00e9tours<\/strong><br \/>\n28 rue de la R\u00e9publique<br \/>\n31560 Nailloux<br \/>\n05 62 47 07 33<\/p>\n<p><strong>Librairie Tartinerie<\/strong><br \/>\nplace de l&#8217;Eglise<br \/>\n32120 Sarrant<br \/>\n05 62 65 09 51<\/p>\n<p><strong>Comptines<\/strong><br \/>\n69bis, rue des trois Conils<br \/>\n33000 Bordeaux<br \/>\n05 56 44 55 56<\/p>\n<p><strong>Au Petit Chaperon Rouge<\/strong><br \/>\n356, avenue Thiers<br \/>\n33100 Bordeaux<br \/>\n05 56 67 68 54<\/p>\n<p><strong>Librairie Mollat<\/strong><br \/>\n15 rue Vital Carles<br \/>\n33000 Bordeaux<br \/>\n05 56 56 40 40<\/p>\n<p><strong>Librairie Nemo<\/strong><br \/>\n35 rue de l&#8217;Aiguillerie<br \/>\n34000 Montpellier<br \/>\n04 67 60 60 90<\/p>\n<p><strong>Librairie Un Point un trait<\/strong><br \/>\n6bis, boulevard de la Libert\u00e9<br \/>\n34700 Lod\u00e8ve<br \/>\n04 67 88 11 27<\/p>\n<p><strong>La Courte \u00e9chelle<\/strong><br \/>\n26 &#8211; 30 rue Vasselot<br \/>\n35000 Rennes<br \/>\n02 99 79 20 70<\/p>\n<p><strong>Galerie Ombre et Lumi\u00e8re<\/strong><br \/>\n49 rue Georges Cl\u00e9menceau<br \/>\n35400 Saint-Malo<br \/>\n06 32 86 19 94<\/p>\n<p><strong>Libr&#8217;enfants<\/strong><br \/>\n48 rue Colbert<br \/>\n37000 Tours<br \/>\n02 47 66 95 90<\/p>\n<p><strong>Les Modernes<\/strong><br \/>\n6, rue Lakanal<br \/>\n38000 Grenoble<br \/>\n04 76 27 41 50<\/p>\n<p><strong>L&#8217;Esprit Vif<\/strong><br \/>\n8, rue Champollion<br \/>\n38450 Vif<br \/>\n09 77 05 64 45<\/p>\n<p><strong>L&#8217;Hirondaine<\/strong><br \/>\n10bis, rue Beno\u00eet Frachon<br \/>\n42700 Firminy<br \/>\n04 77 56 13 50<\/p>\n<p><strong>Chat perch\u00e9<\/strong><br \/>\n18, rue Chaussade<br \/>\n43000 Le Puy-en-Velay<br \/>\n04 71 09 25 70<\/p>\n<p><strong>Librairie Coiffard<\/strong><br \/>\n7, rue de la Fosse<br \/>\n44000 Nantes<br \/>\n02 40 48 16 19<\/p>\n<p><strong>Les Enfants terribles<\/strong><br \/>\n17, rue de Verdun<br \/>\n44000 Nantes<br \/>\n02 51 82 02 15<\/p>\n<p><strong>Hab Galerie<\/strong><br \/>\n21, quai des Antilles<br \/>\n44000 Nantes<br \/>\n02 28 08 77 28<\/p>\n<p><strong>Les Nuits Blanches<\/strong><br \/>\n4, rue des Hauts Pav\u00e9s<br \/>\n44000 Nantes<br \/>\n02 51 83 28 90<\/p>\n<p><strong>Les Villes Invisibles<\/strong><br \/>\n1, rue Basse des Halles<br \/>\n44190 Clisson<br \/>\n02 51 71 89 66<\/p>\n<p><strong>L&#8217;Embellie<\/strong><br \/>\n13, rue Jean Duplessis<br \/>\n44760 La Bernerie-en-Retz<br \/>\n02 40 82 48 04<\/p>\n<p><strong>L&#8217;Embarcad\u00e8re<\/strong><br \/>\n41, avenue de la R\u00e9publique<br \/>\n44600 Saint-Nazaire<br \/>\n09 72 45 05 30<\/p>\n<p><strong>Librairie\u00a0<\/strong><b>Jaune Citron<\/b><br \/>\n5, rue Henri Roy<br \/>\n45000 Orl\u00e9ans<br \/>\n06 28 95 57 81<\/p>\n<p><strong>Livres, books &amp; Company<\/strong><br \/>\n11, rue de Montmartre<br \/>\n46800 Montcuq-en-Quercy-Blanc<br \/>\n06 08 60 70 95<\/p>\n<p><strong>Le Gang de la clef \u00e0 molette<\/strong><br \/>\n6, place du March\u00e9<br \/>\n47200 Marmande<br \/>\n05 53 64 76 85<\/p>\n<p><strong>La Berlue<\/strong><br \/>\nplace du Palais<br \/>\n48400 Florac<br \/>\n04 66 32 39 24<\/p>\n<p><strong>La Luciole<\/strong><br \/>\n4, rue des Po\u00ebliers<br \/>\n49100 Angers<br \/>\n02 41 86 16 06<\/p>\n<p><strong>Le Livre \u00e0 venir<\/strong><br \/>\n21 rue de la Tonnelle<br \/>\n49400 Saumur<br \/>\n02 41 52 10 56<\/p>\n<p><strong>L\u2019Attente, l\u2019oubli<\/strong><br \/>\n46, avenue de la R\u00e9publique<br \/>\n52100 Saint-Dizier<br \/>\n03 25 56 46 49<\/p>\n<p><strong>Librairie M\u2019lire<\/strong><br \/>\n3, rue de la Paix<br \/>\n53000 Laval<br \/>\n02 43 53 04 00<\/p>\n<p><strong>L\u2019Autre rive<\/strong><br \/>\n19, rue du Pont Mouja<br \/>\n54000 Nancy<br \/>\n03 83 30 63 29<\/p>\n<p><strong>Comme dans les livres<\/strong><br \/>\n52 rue de Li\u00e8ge<br \/>\n56100 Lorient<br \/>\n02 97 21 50 53<\/p>\n<p><strong>Le Pr\u00e9au<\/strong><br \/>\n11-13 rue Taison<br \/>\n57000 Metz<br \/>\n03 87 75 07 16<\/p>\n<p><strong>Le Roseau Pensant<\/strong><br \/>\n20, rue du Mar\u00e9chal Joffre<br \/>\n57170 Ch\u00e2teau-Salins<br \/>\n03 55 14 80 42<\/p>\n<p><strong>Le Bateau livre<\/strong><br \/>\n154, rue Gambetta<br \/>\n59800 Lille<br \/>\n03 20 78 16 30<\/p>\n<p><strong>L\u2019Horizon<\/strong><br \/>\n8, bvd Clocheville<br \/>\n62200 Boulogne-sur-Mer<br \/>\n03 21 33 25 87<\/p>\n<p><strong>Le Bief<\/strong><br \/>\n23 rue des Chazeaux<br \/>\n63600 Ambert<br \/>\n04 73 82 16 59<\/p>\n<p><strong>Tout un Monde<\/strong><br \/>\n23 rue de la R\u00e9publique<br \/>\n63600 Ambert<br \/>\n04 73 82 62 79<\/p>\n<p><strong>Il \u00e9tait une fois<\/strong><br \/>\n4 rue Antoine Moillier<br \/>\n63160 Billom<br \/>\n04 73 68 34 98<\/p>\n<p><strong>La Bouquinette<\/strong><br \/>\n28, rue des Juifs<br \/>\n67000 Strasbourg<br \/>\n03 88 35 69 18<\/p>\n<p><strong>La Marge<\/strong><br \/>\n4, impasse de l&#8217;Oie<br \/>\n67500 Haguenau<br \/>\n09 53 33 05 11<\/p>\n<p><strong>Ouvrir l&#8217;\u0153il<\/strong><br \/>\n18 rue des Capucins<br \/>\n69001 Lyon<br \/>\n04 78 27 69 29<\/p>\n<p><strong>R\u00e9cr\u00e9alivres<\/strong><br \/>\n7, Rue de la Barillerie<br \/>\n72000 Le Mans<br \/>\n02 43 77 90 66<\/p>\n<p><strong>La Galerne<\/strong><br \/>\n148 rue Victor Hugo<br \/>\n76600 Le Havre<br \/>\n02 35 43 22 52<\/p>\n<p><strong>L&#8217;Empreinte<\/strong><br \/>\n160, rue du G\u00e9n\u00e9ral Leclerc<br \/>\n77780 Bourron-Marlotte<br \/>\n01 64 29 07 82<\/p>\n<p><strong>Contrebandes<\/strong><br \/>\n37 rue Paul Lendrin<br \/>\n83000 Toulon<br \/>\n04 94 89 66 39<\/p>\n<p><strong>La Soupe de l&#8217;espace<\/strong><br \/>\n9 avenue des \u00celes d&#8217;or<br \/>\n83400 Hy\u00e8res<br \/>\n04 94 66 84 03<\/p>\n<p><strong>L\u2019Eau vive<\/strong><br \/>\n15, rue du Vieux Sextier<br \/>\n84000 Avignon<br \/>\n04 90 82 58 10<\/p>\n<p><strong>Le Livre dans la Th\u00e9i\u00e8re<\/strong><br \/>\n6, place de la Mairie<br \/>\n85620 Rocheservi\u00e8re<br \/>\n02 51 06 48 35<\/p>\n<p><strong>La Belle aventure<\/strong><br \/>\n16 rue des Grandes Ecoles<br \/>\n86000 Poitiers<br \/>\n05 49 41 64 14<\/p>\n<\/div> <div class=\"fourcol-one last\"><strong>ETRANGER<\/strong><\/p>\n<p><strong>ANGLETERRE<\/strong><br \/>\n<strong> Bricklane bookshop<\/strong><br \/>\n166 Brick lane<br \/>\nLondon E1 6RU<br \/>\n0207 247 0216<\/p>\n<p><strong>BELGIQUE<\/strong><br \/>\n<strong> Peinture fra\u00eeche<\/strong><br \/>\nrue du Tabellion, 10<br \/>\n1050 Bruxelles<br \/>\n02 537 11 05<\/p>\n<p><strong>Tropismes<\/strong><br \/>\nGalerie des princes, 11<br \/>\n1000 Bruxelles<br \/>\n02 511 56 51<\/p>\n<p><strong>Le Wolf<\/strong><br \/>\nrue de la Violette, 10-20<br \/>\n1000 Bruxelles<br \/>\n02 512 12 30<\/p>\n<p><strong>Livre et Art<\/strong><br \/>\nGrand Place, 13<br \/>\n1348 Louvain-la-Neuve<br \/>\n010 45 68 08<\/p>\n<p><strong>Point virgule<\/strong><br \/>\nrue Leli\u00e8vre, 1<br \/>\n5000 Namur<br \/>\n081 22 79 37<\/p>\n<p><strong>Livre aux tr\u00e9sors<\/strong><br \/>\nrue S\u00e9bastien Laruelle, 4<br \/>\n4000 Li\u00e8ge<br \/>\n04 250 38 46<\/p>\n<p><strong>La Parenth\u00e8se<\/strong><br \/>\nrue des Carmes, 24<br \/>\n4000 Li\u00e8ge<br \/>\n04 222 42 66<\/p>\n<p><strong>SUISSE<\/strong><br \/>\n<strong> Librairie Payot<\/strong><br \/>\nplace P\u00e9pinet, 4<br \/>\n1003 Lausanne<br \/>\n021 341 33 31<\/p>\n<p><strong> Librairie Basta !<\/strong><br \/>\nrue du Petit-Rocher, 4<br \/>\n1003 Lausanne<br \/>\n021 625 52 34<\/p>\n<p><strong>Librairie Humus<\/strong><br \/>\nrue des Terreaux, 18bis<br \/>\n1003 Lausanne<br \/>\n021 323 21 70<\/p>\n<p><strong>Librairie du Ch\u00e2teau<\/strong><br \/>\nGrand-Rue, 10<br \/>\n1180 Rolle<br \/>\n021 825 34 24<\/p>\n<p><strong> Librairie du boulevard<\/strong><br \/>\nrue de Carouge, 34<br \/>\n1205 Gen\u00e8ve<br \/>\n022 328 70 54<\/p>\n<p><strong>Papiers gras<\/strong><br \/>\nplace de L&#8217;\u00eele, 1<br \/>\n1204 Gen\u00e8ve<br \/>\n022 310 87 77<\/p>\n<p><strong>Au Chien bleu<\/strong><br \/>\nrue Leschot, 11<br \/>\n1202 Gen\u00e8ve<br \/>\n022 700 38 60<\/p>\n<p><strong>Librairie Livresse<\/strong><br \/>\nrue Vignier, 5<br \/>\n1205 Gen\u00e8ve<br \/>\n022 320 80 57<\/p>\n<p><strong>La Librerit<\/strong><br \/>\nplace du March\u00e9, 1<br \/>\n1227 Carouge<br \/>\n022 343 97 71<\/p>\n<p><strong>Librairie Nouvelles Pages<\/strong><br \/>\nrue Saint-Joseph, 15<br \/>\n1227 Carouge<br \/>\n022 343 22 33<\/p>\n<p><strong>Librairie Le Cerf-Livres<\/strong><br \/>\nrue Pierre Viret, 3<br \/>\n1350 Orbe<br \/>\n024 441 50 89<\/p>\n<p><strong>L&#8217;Etage<\/strong><br \/>\nrue du Lac, 44<br \/>\n1400 Yverdon-les-Bains<br \/>\n024 425 10 41<\/p>\n<p><strong>Librairie du Vieux-Comt\u00e9<\/strong><br \/>\nrue de Vevey, 17<br \/>\n1630 Bulle<br \/>\n026 912 82 09<\/p>\n<p><strong>Librairie Albert le Grand<\/strong><br \/>\nrue du Temple, 1<br \/>\n1701 Fribourg<br \/>\n026 347 35 35<\/p>\n<p><strong>Librairie La Bulle<\/strong><br \/>\nroute de Lausanne, 66<br \/>\n1700 Fribourg<br \/>\n026 322 66 47<\/p>\n<p><strong>Librairie impressions<\/strong><br \/>\nrue du Versoix 3A<br \/>\n2302 La Chaux-de-Fond<br \/>\n032 969 26 66<\/p>\n<p><strong>Comics-shop<\/strong><br \/>\nFroschaugasse, 7<br \/>\n8001 Z\u00fcrich<br \/>\n044 253 22 22<\/p>\n<p><strong>ESPAGNE<\/strong><br \/>\n<strong> Librerias calamo<\/strong><br \/>\n5, plaza San Francisco<br \/>\n50006 Zaragoza<br \/>\n976 55 73 18<\/div><div class=\"clear\"><\/div><\/p>\n","protected":false},"excerpt":{"rendered":"","protected":false},"author":2,"featured_media":0,"parent":0,"menu_order":0,"comment_status":"closed","ping_status":"closed","template":"","meta":{"footnotes":""},"class_list":["post-1704","page","type-page","status-publish","hentry"],"_links":{"self":[{"href":"https:\/\/benoitjacques.com\/en\/wp-json\/wp\/v2\/pages\/1704","targetHints":{"allow":["GET"]}}],"collection":[{"href":"https:\/\/benoitjacques.com\/en\/wp-json\/wp\/v2\/pages"}],"about":[{"href":"https:\/\/benoitjacques.com\/en\/wp-json\/wp\/v2\/types\/page"}],"author":[{"embeddable":true,"href":"https:\/\/benoitjacques.com\/en\/wp-json\/wp\/v2\/users\/2"}],"replies":[{"embeddable":true,"href":"https:\/\/benoitjacques.com\/en\/wp-json\/wp\/v2\/comments?post=1704"}],"version-history":[{"count":3,"href":"https:\/\/benoitjacques.com\/en\/wp-json\/wp\/v2\/pages\/1704\/revisions"}],"predecessor-version":[{"id":16182,"href":"https:\/\/benoitjacques.com\/en\/wp-json\/wp\/v2\/pages\/1704\/revisions\/16182"}],"wp:attachment":[{"href":"https:\/\/benoitjacques.com\/en\/wp-json\/wp\/v2\/media?parent=1704"}],"curies":[{"name":"wp","href":"https:\/\/api.w.org\/{rel}","templated":true}]}}